{"id":197,"date":"2025-04-01T16:35:23","date_gmt":"2025-04-01T16:35:23","guid":{"rendered":"https:\/\/www.jezersek.com\/?page_id=197"},"modified":"2025-04-02T11:01:10","modified_gmt":"2025-04-02T11:01:10","slug":"nachhaltige-kulinarik","status":"publish","type":"page","link":"https:\/\/www.jezersek.com\/en\/nachhaltige-kulinarik\/","title":{"rendered":"Responsible cuisine"},"content":{"rendered":"<div data-elementor-type=\"wp-page\" data-elementor-id=\"197\" class=\"elementor elementor-197\" data-elementor-post-type=\"page\">\n\t\t\t\t<div class=\"elementor-element elementor-element-9080141 e-con-full e-flex e-con e-parent\" data-id=\"9080141\" data-element_type=\"container\" data-settings=\"{&quot;background_background&quot;:&quot;classic&quot;}\">\n\t\t<div class=\"elementor-element elementor-element-71b58d5 e-flex e-con-boxed e-con e-child\" data-id=\"71b58d5\" data-element_type=\"container\">\n\t\t\t\t\t<div class=\"e-con-inner\">\n\t\t<div class=\"elementor-element elementor-element-ff1fa11 e-con-full e-flex e-con e-child\" data-id=\"ff1fa11\" data-element_type=\"container\">\n\t\t\t\t<div class=\"elementor-element elementor-element-3edecbd elementor-widget elementor-widget-image\" data-id=\"3edecbd\" data-element_type=\"widget\" data-widget_type=\"image.default\">\n\t\t\t\t<div class=\"elementor-widget-container\">\n\t\t\t\t\t\t\t\t\t\t\t\t\t\t\t\t<a href=\"https:\/\/www.jezersek.com\/en\/\">\n\t\t\t\t\t\t\t<img decoding=\"async\" width=\"1\" height=\"1\" src=\"https:\/\/www.jezersek.com\/wp-content\/uploads\/2025\/04\/jEZERSEK-SVG-WHITE.svg\" class=\"attachment-large size-large wp-image-565\" alt=\"\" \/>\t\t\t\t\t\t\t\t<\/a>\n\t\t\t\t\t\t\t\t\t\t\t\t\t\t\t<\/div>\n\t\t\t\t<\/div>\n\t\t\t\t<\/div>\n\t\t<div class=\"elementor-element elementor-element-9d40a44 e-con-full e-flex e-con e-child\" data-id=\"9d40a44\" data-element_type=\"container\">\n\t\t\t\t<div class=\"elementor-element elementor-element-547938a elementor-icon-list--layout-inline elementor-list-item-link-full_width elementor-widget elementor-widget-icon-list\" data-id=\"547938a\" data-element_type=\"widget\" data-widget_type=\"icon-list.default\">\n\t\t\t\t<div class=\"elementor-widget-container\">\n\t\t\t\t\t\t\t<ul class=\"elementor-icon-list-items elementor-inline-items\">\n\t\t\t\t\t\t\t<li class=\"elementor-icon-list-item elementor-inline-item\">\n\t\t\t\t\t\t\t\t\t\t\t<a href=\"https:\/\/www.jezersek.com\/en\/uber-uns\/\">\n\n\t\t\t\t\t\t\t\t\t\t\t<span class=\"elementor-icon-list-text\">About<\/span>\n\t\t\t\t\t\t\t\t\t\t\t<\/a>\n\t\t\t\t\t\t\t\t\t<\/li>\n\t\t\t\t\t\t<\/ul>\n\t\t\t\t\t\t<\/div>\n\t\t\t\t<\/div>\n\t\t\t\t<div class=\"elementor-element elementor-element-d164ca8 elementor-align-right elementor-widget__width-auto elementor-widget elementor-widget-button\" data-id=\"d164ca8\" data-element_type=\"widget\" data-widget_type=\"button.default\">\n\t\t\t\t<div class=\"elementor-widget-container\">\n\t\t\t\t\t\t\t\t\t<div class=\"elementor-button-wrapper\">\n\t\t\t\t\t<a class=\"elementor-button elementor-button-link elementor-size-sm elementor-animation-grow\" href=\"https:\/\/www.jezersek.com\/en\/kontakt\/\">\n\t\t\t\t\t\t<span class=\"elementor-button-content-wrapper\">\n\t\t\t\t\t\t\t\t\t<span class=\"elementor-button-text\">Contact<\/span>\n\t\t\t\t\t<\/span>\n\t\t\t\t\t<\/a>\n\t\t\t\t<\/div>\n\t\t\t\t\t\t\t\t<\/div>\n\t\t\t\t<\/div>\n\t\t\t\t<\/div>\n\t\t\t\t\t<\/div>\n\t\t\t\t<\/div>\n\t\t<div class=\"elementor-element elementor-element-ca43b65 e-con-full e-flex e-con e-child\" data-id=\"ca43b65\" data-element_type=\"container\">\n\t\t\t\t<div class=\"elementor-element elementor-element-ae29548 elementor-widget elementor-widget-heading\" data-id=\"ae29548\" data-element_type=\"widget\" data-widget_type=\"heading.default\">\n\t\t\t\t<div class=\"elementor-widget-container\">\n\t\t\t\t\t<h1 class=\"elementor-heading-title elementor-size-default\">Responsible cuisine<\/h1>\t\t\t\t<\/div>\n\t\t\t\t<\/div>\n\t\t\t\t<\/div>\n\t\t\t\t<\/div>\n\t\t<div class=\"elementor-element elementor-element-347f347 e-con-full e-flex e-con e-parent\" data-id=\"347f347\" data-element_type=\"container\">\n\t\t<div class=\"elementor-element elementor-element-cd24277 e-con-full e-flex e-con e-child\" data-id=\"cd24277\" data-element_type=\"container\">\n\t\t\t\t<div class=\"elementor-element elementor-element-10bb4d3 elementor-widget__width-initial elementor-widget elementor-widget-text-editor\" data-id=\"10bb4d3\" data-element_type=\"widget\" data-widget_type=\"text-editor.default\">\n\t\t\t\t<div class=\"elementor-widget-container\">\n\t\t\t\t\t\t\t\t\t<p class=\"translation-block\">Cuisine of the future is founded on sustainability, quality, and social responsibility. We are firmly committed to sustainable development. Through responsibility and leading by example, we are contributing to a greener, more efficient, and sustainable future in the hospitality sector.<\/p>\t\t\t\t\t\t\t\t<\/div>\n\t\t\t\t<\/div>\n\t\t\t\t<\/div>\n\t\t\t\t<\/div>\n\t\t<div class=\"elementor-element elementor-element-3928a35 e-con-full e-flex e-con e-parent\" data-id=\"3928a35\" data-element_type=\"container\" data-settings=\"{&quot;background_background&quot;:&quot;classic&quot;}\">\n\t\t<div class=\"elementor-element elementor-element-6a59145 e-con-full e-flex e-con e-child\" data-id=\"6a59145\" data-element_type=\"container\" data-settings=\"{&quot;background_background&quot;:&quot;classic&quot;}\">\n\t\t\t\t<\/div>\n\t\t<div class=\"elementor-element elementor-element-76a5ea7 e-con-full e-flex e-con e-child\" data-id=\"76a5ea7\" data-element_type=\"container\">\n\t\t\t\t<div class=\"elementor-element elementor-element-44e74e8 elementor-widget elementor-widget-heading\" data-id=\"44e74e8\" data-element_type=\"widget\" data-widget_type=\"heading.default\">\n\t\t\t\t<div class=\"elementor-widget-container\">\n\t\t\t\t\t<h1 class=\"elementor-heading-title elementor-size-default\">Responsible cuisine<\/h1>\t\t\t\t<\/div>\n\t\t\t\t<\/div>\n\t\t\t\t<div class=\"elementor-element elementor-element-0cb204f elementor-widget__width-initial elementor-widget elementor-widget-text-editor\" data-id=\"0cb204f\" data-element_type=\"widget\" data-widget_type=\"text-editor.default\">\n\t\t\t\t<div class=\"elementor-widget-container\">\n\t\t\t\t\t\t\t\t\t<p><span style=\"font-weight: 400;\">Responsible food management is at the core of our business strategy. It combines respect for tradition, premium quality, and modern sustainable practices.<\/span><\/p><p><span style=\"font-weight: 400;\">We are leading the way in responsible food management and have developed the \u201c<\/span><b>Responsible cuisine<\/b><span style=\"font-weight: 400;\">\u201d sustainability label, which symbolises our commitment to sustainable practices and has become our umbrella label.<\/span><\/p>\t\t\t\t\t\t\t\t<\/div>\n\t\t\t\t<\/div>\n\t\t\t\t<\/div>\n\t\t\t\t<\/div>\n\t\t<div class=\"elementor-element elementor-element-6ae2c10 e-con-full e-flex e-con e-parent\" data-id=\"6ae2c10\" data-element_type=\"container\">\n\t\t<div class=\"elementor-element elementor-element-a1f93d9 e-con-full e-flex e-con e-child\" data-id=\"a1f93d9\" data-element_type=\"container\" data-settings=\"{&quot;sticky&quot;:&quot;top&quot;,&quot;sticky_on&quot;:[&quot;desktop&quot;],&quot;sticky_offset&quot;:20,&quot;sticky_parent&quot;:&quot;yes&quot;,&quot;sticky_effects_offset&quot;:0,&quot;sticky_anchor_link_offset&quot;:0}\">\n\t\t\t\t<div class=\"elementor-element elementor-element-20ebc97 elementor-widget elementor-widget-heading\" data-id=\"20ebc97\" data-element_type=\"widget\" data-widget_type=\"heading.default\">\n\t\t\t\t<div class=\"elementor-widget-container\">\n\t\t\t\t\t<h2 class=\"elementor-heading-title elementor-size-default\">Our sustainable activities<\/h2>\t\t\t\t<\/div>\n\t\t\t\t<\/div>\n\t\t\t\t<div class=\"elementor-element elementor-element-499ced9 elementor-widget__width-initial elementor-widget elementor-widget-text-editor\" data-id=\"499ced9\" data-element_type=\"widget\" data-widget_type=\"text-editor.default\">\n\t\t\t\t<div class=\"elementor-widget-container\">\n\t\t\t\t\t\t\t\t\tOur commitment to sustainability is reflected in every aspect \u2013 from sustainable diets and responsible food management to energy efficiency, infrastructure and innovative technical solutions.\t\t\t\t\t\t\t\t<\/div>\n\t\t\t\t<\/div>\n\t\t\t\t<div class=\"elementor-element elementor-element-05a2af3 elementor-widget elementor-widget-image\" data-id=\"05a2af3\" data-element_type=\"widget\" data-widget_type=\"image.default\">\n\t\t\t\t<div class=\"elementor-widget-container\">\n\t\t\t\t\t\t\t\t\t\t\t\t\t\t\t<img fetchpriority=\"high\" decoding=\"async\" width=\"800\" height=\"333\" src=\"https:\/\/www.jezersek.com\/wp-content\/uploads\/2025\/04\/Copy-of-DSC_6533-3-6.webp\" class=\"attachment-large size-large wp-image-211\" alt=\"\" srcset=\"https:\/\/www.jezersek.com\/wp-content\/uploads\/2025\/04\/Copy-of-DSC_6533-3-6.webp 800w, https:\/\/www.jezersek.com\/wp-content\/uploads\/2025\/04\/Copy-of-DSC_6533-3-6-300x125.webp 300w, https:\/\/www.jezersek.com\/wp-content\/uploads\/2025\/04\/Copy-of-DSC_6533-3-6-768x320.webp 768w\" sizes=\"(max-width: 800px) 100vw, 800px\" \/>\t\t\t\t\t\t\t\t\t\t\t\t\t\t\t<\/div>\n\t\t\t\t<\/div>\n\t\t\t\t<\/div>\n\t\t<div class=\"elementor-element elementor-element-9e8ec89 e-con-full e-flex e-con e-child\" data-id=\"9e8ec89\" data-element_type=\"container\">\n\t\t<div class=\"elementor-element elementor-element-d16c576 e-con-full e-flex e-con e-child\" data-id=\"d16c576\" data-element_type=\"container\" data-settings=\"{&quot;background_background&quot;:&quot;classic&quot;}\">\n\t\t\t\t<div class=\"elementor-element elementor-element-1f3a991 elementor-widget elementor-widget-heading\" data-id=\"1f3a991\" data-element_type=\"widget\" data-widget_type=\"heading.default\">\n\t\t\t\t<div class=\"elementor-widget-container\">\n\t\t\t\t\t<h2 class=\"elementor-heading-title elementor-size-default\">The cultural heritage of cuisine<\/h2>\t\t\t\t<\/div>\n\t\t\t\t<\/div>\n\t\t\t\t<div class=\"elementor-element elementor-element-e91b5d6 elementor-icon-list--layout-traditional elementor-list-item-link-full_width elementor-widget elementor-widget-icon-list\" data-id=\"e91b5d6\" data-element_type=\"widget\" data-widget_type=\"icon-list.default\">\n\t\t\t\t<div class=\"elementor-widget-container\">\n\t\t\t\t\t\t\t<ul class=\"elementor-icon-list-items\">\n\t\t\t\t\t\t\t<li class=\"elementor-icon-list-item\">\n\t\t\t\t\t\t\t\t\t\t\t<span class=\"elementor-icon-list-icon\">\n\t\t\t\t\t\t\t<svg xmlns=\"http:\/\/www.w3.org\/2000\/svg\" width=\"20\" height=\"21\" viewbox=\"0 0 20 21\" fill=\"none\"><path d=\"M6.24996 10.5L8.74996 13L13.75 7.99996M18.3333 10.5C18.3333 15.1023 14.6023 18.8333 9.99996 18.8333C5.39759 18.8333 1.66663 15.1023 1.66663 10.5C1.66663 5.89759 5.39759 2.16663 9.99996 2.16663C14.6023 2.16663 18.3333 5.89759 18.3333 10.5Z\" stroke=\"#32160D\" stroke-linecap=\"round\" stroke-linejoin=\"round\"><\/path><\/svg>\t\t\t\t\t\t<\/span>\n\t\t\t\t\t\t\t\t\t\t<span class=\"elementor-icon-list-text\">Our locations are listed among the most important culinary spots<\/span>\n\t\t\t\t\t\t\t\t\t<\/li>\n\t\t\t\t\t\t\t\t<li class=\"elementor-icon-list-item\">\n\t\t\t\t\t\t\t\t\t\t\t<span class=\"elementor-icon-list-icon\">\n\t\t\t\t\t\t\t<svg xmlns=\"http:\/\/www.w3.org\/2000\/svg\" width=\"20\" height=\"21\" viewbox=\"0 0 20 21\" fill=\"none\"><path d=\"M6.24996 10.5L8.74996 13L13.75 7.99996M18.3333 10.5C18.3333 15.1023 14.6023 18.8333 9.99996 18.8333C5.39759 18.8333 1.66663 15.1023 1.66663 10.5C1.66663 5.89759 5.39759 2.16663 9.99996 2.16663C14.6023 2.16663 18.3333 5.89759 18.3333 10.5Z\" stroke=\"#32160D\" stroke-linecap=\"round\" stroke-linejoin=\"round\"><\/path><\/svg>\t\t\t\t\t\t<\/span>\n\t\t\t\t\t\t\t\t\t\t<span class=\"elementor-icon-list-text\">Modern interpretations of the Alpine-Mediterranean region<\/span>\n\t\t\t\t\t\t\t\t\t<\/li>\n\t\t\t\t\t\t\t\t<li class=\"elementor-icon-list-item\">\n\t\t\t\t\t\t\t\t\t\t\t<span class=\"elementor-icon-list-icon\">\n\t\t\t\t\t\t\t<svg xmlns=\"http:\/\/www.w3.org\/2000\/svg\" width=\"20\" height=\"21\" viewbox=\"0 0 20 21\" fill=\"none\"><path d=\"M6.24996 10.5L8.74996 13L13.75 7.99996M18.3333 10.5C18.3333 15.1023 14.6023 18.8333 9.99996 18.8333C5.39759 18.8333 1.66663 15.1023 1.66663 10.5C1.66663 5.89759 5.39759 2.16663 9.99996 2.16663C14.6023 2.16663 18.3333 5.89759 18.3333 10.5Z\" stroke=\"#32160D\" stroke-linecap=\"round\" stroke-linejoin=\"round\"><\/path><\/svg>\t\t\t\t\t\t<\/span>\n\t\t\t\t\t\t\t\t\t\t<span class=\"elementor-icon-list-text\">Jezer\u0161ek Academy \u2013 transfer of know-how and responsible preservation of traditional recipes<\/span>\n\t\t\t\t\t\t\t\t\t<\/li>\n\t\t\t\t\t\t<\/ul>\n\t\t\t\t\t\t<\/div>\n\t\t\t\t<\/div>\n\t\t\t\t<\/div>\n\t\t<div class=\"elementor-element elementor-element-586eb50 e-con-full e-flex e-con e-child\" data-id=\"586eb50\" data-element_type=\"container\" data-settings=\"{&quot;background_background&quot;:&quot;classic&quot;}\">\n\t\t\t\t<div class=\"elementor-element elementor-element-b609321 elementor-widget elementor-widget-heading\" data-id=\"b609321\" data-element_type=\"widget\" data-widget_type=\"heading.default\">\n\t\t\t\t<div class=\"elementor-widget-container\">\n\t\t\t\t\t<h2 class=\"elementor-heading-title elementor-size-default\">Seasonality and menu variety<\/h2>\t\t\t\t<\/div>\n\t\t\t\t<\/div>\n\t\t\t\t<div class=\"elementor-element elementor-element-b08ab2b elementor-icon-list--layout-traditional elementor-list-item-link-full_width elementor-widget elementor-widget-icon-list\" data-id=\"b08ab2b\" data-element_type=\"widget\" data-widget_type=\"icon-list.default\">\n\t\t\t\t<div class=\"elementor-widget-container\">\n\t\t\t\t\t\t\t<ul class=\"elementor-icon-list-items\">\n\t\t\t\t\t\t\t<li class=\"elementor-icon-list-item\">\n\t\t\t\t\t\t\t\t\t\t\t<span class=\"elementor-icon-list-icon\">\n\t\t\t\t\t\t\t<svg xmlns=\"http:\/\/www.w3.org\/2000\/svg\" width=\"20\" height=\"21\" viewbox=\"0 0 20 21\" fill=\"none\"><path d=\"M6.24996 10.5L8.74996 13L13.75 7.99996M18.3333 10.5C18.3333 15.1023 14.6023 18.8333 9.99996 18.8333C5.39759 18.8333 1.66663 15.1023 1.66663 10.5C1.66663 5.89759 5.39759 2.16663 9.99996 2.16663C14.6023 2.16663 18.3333 5.89759 18.3333 10.5Z\" stroke=\"#32160D\" stroke-linecap=\"round\" stroke-linejoin=\"round\"><\/path><\/svg>\t\t\t\t\t\t<\/span>\n\t\t\t\t\t\t\t\t\t\t<span class=\"elementor-icon-list-text\">Inclusion of local, seasonal foods, foods with quality scheme labels, dishes from Slovenia's 24 gastronomic regions, and local dishes<\/span>\n\t\t\t\t\t\t\t\t\t<\/li>\n\t\t\t\t\t\t\t\t<li class=\"elementor-icon-list-item\">\n\t\t\t\t\t\t\t\t\t\t\t<span class=\"elementor-icon-list-icon\">\n\t\t\t\t\t\t\t<svg xmlns=\"http:\/\/www.w3.org\/2000\/svg\" width=\"20\" height=\"21\" viewbox=\"0 0 20 21\" fill=\"none\"><path d=\"M6.24996 10.5L8.74996 13L13.75 7.99996M18.3333 10.5C18.3333 15.1023 14.6023 18.8333 9.99996 18.8333C5.39759 18.8333 1.66663 15.1023 1.66663 10.5C1.66663 5.89759 5.39759 2.16663 9.99996 2.16663C14.6023 2.16663 18.3333 5.89759 18.3333 10.5Z\" stroke=\"#32160D\" stroke-linecap=\"round\" stroke-linejoin=\"round\"><\/path><\/svg>\t\t\t\t\t\t<\/span>\n\t\t\t\t\t\t\t\t\t\t<span class=\"elementor-icon-list-text\">Seasonal menus (spring, summer, autumn, winter) and themed menus<\/span>\n\t\t\t\t\t\t\t\t\t<\/li>\n\t\t\t\t\t\t\t\t<li class=\"elementor-icon-list-item\">\n\t\t\t\t\t\t\t\t\t\t\t<span class=\"elementor-icon-list-icon\">\n\t\t\t\t\t\t\t<svg xmlns=\"http:\/\/www.w3.org\/2000\/svg\" width=\"20\" height=\"21\" viewbox=\"0 0 20 21\" fill=\"none\"><path d=\"M6.24996 10.5L8.74996 13L13.75 7.99996M18.3333 10.5C18.3333 15.1023 14.6023 18.8333 9.99996 18.8333C5.39759 18.8333 1.66663 15.1023 1.66663 10.5C1.66663 5.89759 5.39759 2.16663 9.99996 2.16663C14.6023 2.16663 18.3333 5.89759 18.3333 10.5Z\" stroke=\"#32160D\" stroke-linecap=\"round\" stroke-linejoin=\"round\"><\/path><\/svg>\t\t\t\t\t\t<\/span>\n\t\t\t\t\t\t\t\t\t\t<span class=\"elementor-icon-list-text\">Trusted local suppliers<\/span>\n\t\t\t\t\t\t\t\t\t<\/li>\n\t\t\t\t\t\t<\/ul>\n\t\t\t\t\t\t<\/div>\n\t\t\t\t<\/div>\n\t\t\t\t<\/div>\n\t\t<div class=\"elementor-element elementor-element-ef8dc36 e-con-full e-flex e-con e-child\" data-id=\"ef8dc36\" data-element_type=\"container\" data-settings=\"{&quot;background_background&quot;:&quot;classic&quot;}\">\n\t\t\t\t<div class=\"elementor-element elementor-element-a1eab54 elementor-widget elementor-widget-heading\" data-id=\"a1eab54\" data-element_type=\"widget\" data-widget_type=\"heading.default\">\n\t\t\t\t<div class=\"elementor-widget-container\">\n\t\t\t\t\t<h2 class=\"elementor-heading-title elementor-size-default\">Reducing food waste<\/h2>\t\t\t\t<\/div>\n\t\t\t\t<\/div>\n\t\t\t\t<div class=\"elementor-element elementor-element-7aaa5c6 elementor-icon-list--layout-traditional elementor-list-item-link-full_width elementor-widget elementor-widget-icon-list\" data-id=\"7aaa5c6\" data-element_type=\"widget\" data-widget_type=\"icon-list.default\">\n\t\t\t\t<div class=\"elementor-widget-container\">\n\t\t\t\t\t\t\t<ul class=\"elementor-icon-list-items\">\n\t\t\t\t\t\t\t<li class=\"elementor-icon-list-item\">\n\t\t\t\t\t\t\t\t\t\t\t<span class=\"elementor-icon-list-icon\">\n\t\t\t\t\t\t\t<svg xmlns=\"http:\/\/www.w3.org\/2000\/svg\" width=\"20\" height=\"21\" viewbox=\"0 0 20 21\" fill=\"none\"><path d=\"M6.24996 10.5L8.74996 13L13.75 7.99996M18.3333 10.5C18.3333 15.1023 14.6023 18.8333 9.99996 18.8333C5.39759 18.8333 1.66663 15.1023 1.66663 10.5C1.66663 5.89759 5.39759 2.16663 9.99996 2.16663C14.6023 2.16663 18.3333 5.89759 18.3333 10.5Z\" stroke=\"#32160D\" stroke-linecap=\"round\" stroke-linejoin=\"round\"><\/path><\/svg>\t\t\t\t\t\t<\/span>\n\t\t\t\t\t\t\t\t\t\t<span class=\"elementor-icon-list-text\">Regular food waste tracking<\/span>\n\t\t\t\t\t\t\t\t\t<\/li>\n\t\t\t\t\t\t\t\t<li class=\"elementor-icon-list-item\">\n\t\t\t\t\t\t\t\t\t\t\t<span class=\"elementor-icon-list-icon\">\n\t\t\t\t\t\t\t<svg xmlns=\"http:\/\/www.w3.org\/2000\/svg\" width=\"20\" height=\"21\" viewbox=\"0 0 20 21\" fill=\"none\"><path d=\"M6.24996 10.5L8.74996 13L13.75 7.99996M18.3333 10.5C18.3333 15.1023 14.6023 18.8333 9.99996 18.8333C5.39759 18.8333 1.66663 15.1023 1.66663 10.5C1.66663 5.89759 5.39759 2.16663 9.99996 2.16663C14.6023 2.16663 18.3333 5.89759 18.3333 10.5Z\" stroke=\"#32160D\" stroke-linecap=\"round\" stroke-linejoin=\"round\"><\/path><\/svg>\t\t\t\t\t\t<\/span>\n\t\t\t\t\t\t\t\t\t\t<span class=\"elementor-icon-list-text\">Use of AI (smart scales) to reduce food waste<\/span>\n\t\t\t\t\t\t\t\t\t<\/li>\n\t\t\t\t\t\t\t\t<li class=\"elementor-icon-list-item\">\n\t\t\t\t\t\t\t\t\t\t\t<span class=\"elementor-icon-list-icon\">\n\t\t\t\t\t\t\t<svg xmlns=\"http:\/\/www.w3.org\/2000\/svg\" width=\"20\" height=\"21\" viewbox=\"0 0 20 21\" fill=\"none\"><path d=\"M6.24996 10.5L8.74996 13L13.75 7.99996M18.3333 10.5C18.3333 15.1023 14.6023 18.8333 9.99996 18.8333C5.39759 18.8333 1.66663 15.1023 1.66663 10.5C1.66663 5.89759 5.39759 2.16663 9.99996 2.16663C14.6023 2.16663 18.3333 5.89759 18.3333 10.5Z\" stroke=\"#32160D\" stroke-linecap=\"round\" stroke-linejoin=\"round\"><\/path><\/svg>\t\t\t\t\t\t<\/span>\n\t\t\t\t\t\t\t\t\t\t<span class=\"elementor-icon-list-text\">Development of \u201cnezavre\u010dka\u201d (takeaway bag)<\/span>\n\t\t\t\t\t\t\t\t\t<\/li>\n\t\t\t\t\t\t\t\t<li class=\"elementor-icon-list-item\">\n\t\t\t\t\t\t\t\t\t\t\t<span class=\"elementor-icon-list-icon\">\n\t\t\t\t\t\t\t<svg xmlns=\"http:\/\/www.w3.org\/2000\/svg\" width=\"20\" height=\"21\" viewbox=\"0 0 20 21\" fill=\"none\"><path d=\"M6.24996 10.5L8.74996 13L13.75 7.99996M18.3333 10.5C18.3333 15.1023 14.6023 18.8333 9.99996 18.8333C5.39759 18.8333 1.66663 15.1023 1.66663 10.5C1.66663 5.89759 5.39759 2.16663 9.99996 2.16663C14.6023 2.16663 18.3333 5.89759 18.3333 10.5Z\" stroke=\"#32160D\" stroke-linecap=\"round\" stroke-linejoin=\"round\"><\/path><\/svg>\t\t\t\t\t\t<\/span>\n\t\t\t\t\t\t\t\t\t\t<span class=\"elementor-icon-list-text\">Centralised procurement and pre-processing of food<\/span>\n\t\t\t\t\t\t\t\t\t<\/li>\n\t\t\t\t\t\t<\/ul>\n\t\t\t\t\t\t<\/div>\n\t\t\t\t<\/div>\n\t\t\t\t<\/div>\n\t\t<div class=\"elementor-element elementor-element-1d76825 e-con-full e-flex e-con e-child\" data-id=\"1d76825\" data-element_type=\"container\" data-settings=\"{&quot;background_background&quot;:&quot;classic&quot;}\">\n\t\t\t\t<div class=\"elementor-element elementor-element-547fc92 elementor-widget elementor-widget-heading\" data-id=\"547fc92\" data-element_type=\"widget\" data-widget_type=\"heading.default\">\n\t\t\t\t<div class=\"elementor-widget-container\">\n\t\t\t\t\t<h2 class=\"elementor-heading-title elementor-size-default\">Centralisation and energy-efficient equipment<\/h2>\t\t\t\t<\/div>\n\t\t\t\t<\/div>\n\t\t\t\t<div class=\"elementor-element elementor-element-6262be5 elementor-icon-list--layout-traditional elementor-list-item-link-full_width elementor-widget elementor-widget-icon-list\" data-id=\"6262be5\" data-element_type=\"widget\" data-widget_type=\"icon-list.default\">\n\t\t\t\t<div class=\"elementor-widget-container\">\n\t\t\t\t\t\t\t<ul class=\"elementor-icon-list-items\">\n\t\t\t\t\t\t\t<li class=\"elementor-icon-list-item\">\n\t\t\t\t\t\t\t\t\t\t\t<span class=\"elementor-icon-list-icon\">\n\t\t\t\t\t\t\t<svg xmlns=\"http:\/\/www.w3.org\/2000\/svg\" width=\"20\" height=\"21\" viewbox=\"0 0 20 21\" fill=\"none\"><path d=\"M6.24996 10.5L8.74996 13L13.75 7.99996M18.3333 10.5C18.3333 15.1023 14.6023 18.8333 9.99996 18.8333C5.39759 18.8333 1.66663 15.1023 1.66663 10.5C1.66663 5.89759 5.39759 2.16663 9.99996 2.16663C14.6023 2.16663 18.3333 5.89759 18.3333 10.5Z\" stroke=\"#32160D\" stroke-linecap=\"round\" stroke-linejoin=\"round\"><\/path><\/svg>\t\t\t\t\t\t<\/span>\n\t\t\t\t\t\t\t\t\t\t<span class=\"elementor-icon-list-text\">3,000m2 multi-purpose facility dedicated exclusively to catering activities (logistics, food procurement and pre-processing, main kitchen and patisserie, storage room, washroom, cold storage)<\/span>\n\t\t\t\t\t\t\t\t\t<\/li>\n\t\t\t\t\t\t\t\t<li class=\"elementor-icon-list-item\">\n\t\t\t\t\t\t\t\t\t\t\t<span class=\"elementor-icon-list-icon\">\n\t\t\t\t\t\t\t<svg xmlns=\"http:\/\/www.w3.org\/2000\/svg\" width=\"20\" height=\"21\" viewbox=\"0 0 20 21\" fill=\"none\"><path d=\"M6.24996 10.5L8.74996 13L13.75 7.99996M18.3333 10.5C18.3333 15.1023 14.6023 18.8333 9.99996 18.8333C5.39759 18.8333 1.66663 15.1023 1.66663 10.5C1.66663 5.89759 5.39759 2.16663 9.99996 2.16663C14.6023 2.16663 18.3333 5.89759 18.3333 10.5Z\" stroke=\"#32160D\" stroke-linecap=\"round\" stroke-linejoin=\"round\"><\/path><\/svg>\t\t\t\t\t\t<\/span>\n\t\t\t\t\t\t\t\t\t\t<span class=\"elementor-icon-list-text\">Reduction of the carbon footprint related to transport, buildings and organisational processes<\/span>\n\t\t\t\t\t\t\t\t\t<\/li>\n\t\t\t\t\t\t\t\t<li class=\"elementor-icon-list-item\">\n\t\t\t\t\t\t\t\t\t\t\t<span class=\"elementor-icon-list-icon\">\n\t\t\t\t\t\t\t<svg xmlns=\"http:\/\/www.w3.org\/2000\/svg\" width=\"20\" height=\"21\" viewbox=\"0 0 20 21\" fill=\"none\"><path d=\"M6.24996 10.5L8.74996 13L13.75 7.99996M18.3333 10.5C18.3333 15.1023 14.6023 18.8333 9.99996 18.8333C5.39759 18.8333 1.66663 15.1023 1.66663 10.5C1.66663 5.89759 5.39759 2.16663 9.99996 2.16663C14.6023 2.16663 18.3333 5.89759 18.3333 10.5Z\" stroke=\"#32160D\" stroke-linecap=\"round\" stroke-linejoin=\"round\"><\/path><\/svg>\t\t\t\t\t\t<\/span>\n\t\t\t\t\t\t\t\t\t\t<span class=\"elementor-icon-list-text\">Use of latest technology and energy-efficient appliances<\/span>\n\t\t\t\t\t\t\t\t\t<\/li>\n\t\t\t\t\t\t<\/ul>\n\t\t\t\t\t\t<\/div>\n\t\t\t\t<\/div>\n\t\t\t\t<\/div>\n\t\t\t\t<\/div>\n\t\t\t\t<\/div>\n\t\t\t\t<\/div>","protected":false},"excerpt":{"rendered":"<p>\u00dcber uns Kontakt Nachhaltige kulinarik Die K\u00fcche der Zukunft basiert auf Nachhaltigkeit, Qualit\u00e4t und sozialer Verantwortung. Wir engagieren uns nachdr\u00fccklich f\u00fcr eine nachhaltige Entwicklung. Indem wir verantwortungsvoll handeln und mit gutem Beispiel vorangehen, tragen wir zu einer gr\u00fcneren, effizienteren und nachhaltigeren Zukunft des Gastgewerbes bei. Nachhaltige Kulinarik Wir haben schon vor Jahren die nachhaltige Kulinarik [&hellip;]<\/p>","protected":false},"author":1,"featured_media":0,"parent":0,"menu_order":0,"comment_status":"closed","ping_status":"closed","template":"elementor_header_footer","meta":{"footnotes":""},"class_list":["post-197","page","type-page","status-publish","hentry"],"_links":{"self":[{"href":"https:\/\/www.jezersek.com\/en\/wp-json\/wp\/v2\/pages\/197","targetHints":{"allow":["GET"]}}],"collection":[{"href":"https:\/\/www.jezersek.com\/en\/wp-json\/wp\/v2\/pages"}],"about":[{"href":"https:\/\/www.jezersek.com\/en\/wp-json\/wp\/v2\/types\/page"}],"author":[{"embeddable":true,"href":"https:\/\/www.jezersek.com\/en\/wp-json\/wp\/v2\/users\/1"}],"replies":[{"embeddable":true,"href":"https:\/\/www.jezersek.com\/en\/wp-json\/wp\/v2\/comments?post=197"}],"version-history":[{"count":46,"href":"https:\/\/www.jezersek.com\/en\/wp-json\/wp\/v2\/pages\/197\/revisions"}],"predecessor-version":[{"id":577,"href":"https:\/\/www.jezersek.com\/en\/wp-json\/wp\/v2\/pages\/197\/revisions\/577"}],"wp:attachment":[{"href":"https:\/\/www.jezersek.com\/en\/wp-json\/wp\/v2\/media?parent=197"}],"curies":[{"name":"wp","href":"https:\/\/api.w.org\/{rel}","templated":true}]}}