{"id":416,"date":"2025-04-01T19:07:15","date_gmt":"2025-04-01T19:07:15","guid":{"rendered":"https:\/\/www.jezersek.com\/?page_id=416"},"modified":"2025-04-02T11:03:30","modified_gmt":"2025-04-02T11:03:30","slug":"burg-von-bled","status":"publish","type":"page","link":"https:\/\/www.jezersek.com\/en\/standorte\/burg-von-bled\/","title":{"rendered":"Bled Castle"},"content":{"rendered":"<div data-elementor-type=\"wp-page\" data-elementor-id=\"416\" class=\"elementor elementor-416\" data-elementor-post-type=\"page\">\n\t\t\t\t<div class=\"elementor-element elementor-element-9080141 e-con-full e-flex e-con e-parent\" data-id=\"9080141\" data-element_type=\"container\" data-settings=\"{&quot;background_background&quot;:&quot;classic&quot;}\">\n\t\t<div class=\"elementor-element elementor-element-71b58d5 e-flex e-con-boxed e-con e-child\" data-id=\"71b58d5\" data-element_type=\"container\">\n\t\t\t\t\t<div class=\"e-con-inner\">\n\t\t<div class=\"elementor-element elementor-element-ff1fa11 e-con-full e-flex e-con e-child\" data-id=\"ff1fa11\" data-element_type=\"container\">\n\t\t\t\t<div class=\"elementor-element elementor-element-3edecbd elementor-widget elementor-widget-image\" data-id=\"3edecbd\" data-element_type=\"widget\" data-widget_type=\"image.default\">\n\t\t\t\t<div class=\"elementor-widget-container\">\n\t\t\t\t\t\t\t\t\t\t\t\t\t\t\t\t<a href=\"https:\/\/www.jezersek.com\/en\/\">\n\t\t\t\t\t\t\t<img decoding=\"async\" width=\"1\" height=\"1\" src=\"https:\/\/www.jezersek.com\/wp-content\/uploads\/2025\/04\/jEZERSEK-SVG-WHITE.svg\" class=\"attachment-large size-large wp-image-565\" alt=\"\" \/>\t\t\t\t\t\t\t\t<\/a>\n\t\t\t\t\t\t\t\t\t\t\t\t\t\t\t<\/div>\n\t\t\t\t<\/div>\n\t\t\t\t<\/div>\n\t\t<div class=\"elementor-element elementor-element-9d40a44 e-con-full e-flex e-con e-child\" data-id=\"9d40a44\" data-element_type=\"container\">\n\t\t\t\t<div class=\"elementor-element elementor-element-547938a elementor-icon-list--layout-inline elementor-list-item-link-full_width elementor-widget elementor-widget-icon-list\" data-id=\"547938a\" data-element_type=\"widget\" data-widget_type=\"icon-list.default\">\n\t\t\t\t<div class=\"elementor-widget-container\">\n\t\t\t\t\t\t\t<ul class=\"elementor-icon-list-items elementor-inline-items\">\n\t\t\t\t\t\t\t<li class=\"elementor-icon-list-item elementor-inline-item\">\n\t\t\t\t\t\t\t\t\t\t\t<a href=\"https:\/\/www.jezersek.com\/en\/uber-uns\/\">\n\n\t\t\t\t\t\t\t\t\t\t\t<span class=\"elementor-icon-list-text\">About<\/span>\n\t\t\t\t\t\t\t\t\t\t\t<\/a>\n\t\t\t\t\t\t\t\t\t<\/li>\n\t\t\t\t\t\t<\/ul>\n\t\t\t\t\t\t<\/div>\n\t\t\t\t<\/div>\n\t\t\t\t<div class=\"elementor-element elementor-element-d164ca8 elementor-align-right elementor-widget__width-auto elementor-widget elementor-widget-button\" data-id=\"d164ca8\" data-element_type=\"widget\" data-widget_type=\"button.default\">\n\t\t\t\t<div class=\"elementor-widget-container\">\n\t\t\t\t\t\t\t\t\t<div class=\"elementor-button-wrapper\">\n\t\t\t\t\t<a class=\"elementor-button elementor-button-link elementor-size-sm elementor-animation-grow\" href=\"https:\/\/www.jezersek.com\/en\/kontakt\/\">\n\t\t\t\t\t\t<span class=\"elementor-button-content-wrapper\">\n\t\t\t\t\t\t\t\t\t<span class=\"elementor-button-text\">Contact<\/span>\n\t\t\t\t\t<\/span>\n\t\t\t\t\t<\/a>\n\t\t\t\t<\/div>\n\t\t\t\t\t\t\t\t<\/div>\n\t\t\t\t<\/div>\n\t\t\t\t<\/div>\n\t\t\t\t\t<\/div>\n\t\t\t\t<\/div>\n\t\t<div class=\"elementor-element elementor-element-ca43b65 e-con-full e-flex e-con e-child\" data-id=\"ca43b65\" data-element_type=\"container\">\n\t\t\t\t<div class=\"elementor-element elementor-element-471894d elementor-widget elementor-widget-button\" data-id=\"471894d\" data-element_type=\"widget\" data-widget_type=\"button.default\">\n\t\t\t\t<div class=\"elementor-widget-container\">\n\t\t\t\t\t\t\t\t\t<div class=\"elementor-button-wrapper\">\n\t\t\t\t\t<a class=\"elementor-button elementor-size-sm\" role=\"button\">\n\t\t\t\t\t\t<span class=\"elementor-button-content-wrapper\">\n\t\t\t\t\t\t\t\t\t<span class=\"elementor-button-text\">Bled Castle  <\/span>\n\t\t\t\t\t<\/span>\n\t\t\t\t\t<\/a>\n\t\t\t\t<\/div>\n\t\t\t\t\t\t\t\t<\/div>\n\t\t\t\t<\/div>\n\t\t\t\t<\/div>\n\t\t\t\t<\/div>\n\t\t<div class=\"elementor-element elementor-element-347f347 e-con-full e-flex e-con e-parent\" data-id=\"347f347\" data-element_type=\"container\">\n\t\t<div class=\"elementor-element elementor-element-d950847 e-con-full e-flex e-con e-child\" data-id=\"d950847\" data-element_type=\"container\">\n\t\t<div class=\"elementor-element elementor-element-e26c893 e-con-full e-flex e-con e-child\" data-id=\"e26c893\" data-element_type=\"container\">\n\t\t\t\t<div class=\"elementor-element elementor-element-10bb4d3 elementor-widget__width-initial elementor-widget elementor-widget-text-editor\" data-id=\"10bb4d3\" data-element_type=\"widget\" data-widget_type=\"text-editor.default\">\n\t\t\t\t<div class=\"elementor-widget-container\">\n\t\t\t\t\t\t\t\t\t<p><span style=\"font-weight: 400;\">The <\/span><b>Bled Castle Restaurant, Grajska kavarna,<\/b><span style=\"font-weight: 400;\"> the castle caf\u00e9, and <\/span><b>Grajski \u010debelnjak,<\/b><span style=\"font-weight: 400;\"> castle apiary boutique shop, are located in Bled, one of the most beautiful tourist destinations in Slovenia.  Guests can enjoy a modern interpretation of traditional dishes as well as the beautiful view of the tiny island in the middle of the lake.<\/span><\/p>\t\t\t\t\t\t\t\t<\/div>\n\t\t\t\t<\/div>\n\t\t\t\t<\/div>\n\t\t<div class=\"elementor-element elementor-element-28bd19d e-con-full e-flex e-con e-child\" data-id=\"28bd19d\" data-element_type=\"container\">\n\t\t<div class=\"elementor-element elementor-element-ea18352 e-con-full e-flex e-con e-child\" data-id=\"ea18352\" data-element_type=\"container\">\n\t\t\t\t<div class=\"elementor-element elementor-element-4ae4235 elementor-widget elementor-widget-text-editor\" data-id=\"4ae4235\" data-element_type=\"widget\" data-widget_type=\"text-editor.default\">\n\t\t\t\t<div class=\"elementor-widget-container\">\n\t\t\t\t\t\t\t\t\tRestaurant\t\t\t\t\t\t\t\t<\/div>\n\t\t\t\t<\/div>\n\t\t\t\t<div class=\"elementor-element elementor-element-756285c elementor-widget-divider--view-line elementor-widget elementor-widget-divider\" data-id=\"756285c\" data-element_type=\"widget\" data-widget_type=\"divider.default\">\n\t\t\t\t<div class=\"elementor-widget-container\">\n\t\t\t\t\t\t\t<div class=\"elementor-divider\">\n\t\t\t<span class=\"elementor-divider-separator\">\n\t\t\t\t\t\t<\/span>\n\t\t<\/div>\n\t\t\t\t\t\t<\/div>\n\t\t\t\t<\/div>\n\t\t\t\t<div class=\"elementor-element elementor-element-bd3ce7e elementor-widget elementor-widget-text-editor\" data-id=\"bd3ce7e\" data-element_type=\"widget\" data-widget_type=\"text-editor.default\">\n\t\t\t\t<div class=\"elementor-widget-container\">\n\t\t\t\t\t\t\t\t\tCaf\u00e9\t\t\t\t\t\t\t\t<\/div>\n\t\t\t\t<\/div>\n\t\t\t\t<div class=\"elementor-element elementor-element-4426a3e elementor-widget-divider--view-line elementor-widget elementor-widget-divider\" data-id=\"4426a3e\" data-element_type=\"widget\" data-widget_type=\"divider.default\">\n\t\t\t\t<div class=\"elementor-widget-container\">\n\t\t\t\t\t\t\t<div class=\"elementor-divider\">\n\t\t\t<span class=\"elementor-divider-separator\">\n\t\t\t\t\t\t<\/span>\n\t\t<\/div>\n\t\t\t\t\t\t<\/div>\n\t\t\t\t<\/div>\n\t\t\t\t<div class=\"elementor-element elementor-element-de23a24 elementor-widget elementor-widget-text-editor\" data-id=\"de23a24\" data-element_type=\"widget\" data-widget_type=\"text-editor.default\">\n\t\t\t\t<div class=\"elementor-widget-container\">\n\t\t\t\t\t\t\t\t\tBoutique shop \t\t\t\t\t\t\t\t<\/div>\n\t\t\t\t<\/div>\n\t\t\t\t<div class=\"elementor-element elementor-element-1ae67aa elementor-hidden-desktop elementor-hidden-tablet elementor-widget-divider--view-line elementor-widget elementor-widget-divider\" data-id=\"1ae67aa\" data-element_type=\"widget\" data-widget_type=\"divider.default\">\n\t\t\t\t<div class=\"elementor-widget-container\">\n\t\t\t\t\t\t\t<div class=\"elementor-divider\">\n\t\t\t<span class=\"elementor-divider-separator\">\n\t\t\t\t\t\t<\/span>\n\t\t<\/div>\n\t\t\t\t\t\t<\/div>\n\t\t\t\t<\/div>\n\t\t\t\t<\/div>\n\t\t<div class=\"elementor-element elementor-element-4fd58d1 e-con-full e-flex e-con e-child\" data-id=\"4fd58d1\" data-element_type=\"container\">\n\t\t\t\t<div class=\"elementor-element elementor-element-49b3e8b elementor-widget elementor-widget-text-editor\" data-id=\"49b3e8b\" data-element_type=\"widget\" data-widget_type=\"text-editor.default\">\n\t\t\t\t<div class=\"elementor-widget-container\">\n\t\t\t\t\t\t\t\t\tEvent planning:\t\t\t\t\t\t\t\t<\/div>\n\t\t\t\t<\/div>\n\t\t\t\t<div class=\"elementor-element elementor-element-7fd69e3 elementor-widget elementor-widget-text-editor\" data-id=\"7fd69e3\" data-element_type=\"widget\" data-widget_type=\"text-editor.default\">\n\t\t\t\t<div class=\"elementor-widget-container\">\n\t\t\t\t\t\t\t\t\tbusiness events, private events, weddings\t\t\t\t\t\t\t\t<\/div>\n\t\t\t\t<\/div>\n\t\t\t\t<div class=\"elementor-element elementor-element-0e8bae1 elementor-widget-divider--view-line elementor-widget elementor-widget-divider\" data-id=\"0e8bae1\" data-element_type=\"widget\" data-widget_type=\"divider.default\">\n\t\t\t\t<div class=\"elementor-widget-container\">\n\t\t\t\t\t\t\t<div class=\"elementor-divider\">\n\t\t\t<span class=\"elementor-divider-separator\">\n\t\t\t\t\t\t<\/span>\n\t\t<\/div>\n\t\t\t\t\t\t<\/div>\n\t\t\t\t<\/div>\n\t\t\t\t<\/div>\n\t\t\t\t<\/div>\n\t\t\t\t<\/div>\n\t\t\t\t<\/div>\n\t\t<div class=\"elementor-element elementor-element-123f698 e-con-full e-flex e-con e-parent\" data-id=\"123f698\" data-element_type=\"container\">\n\t\t<div class=\"elementor-element elementor-element-d9a7120 e-con-full e-flex e-con e-child\" data-id=\"d9a7120\" data-element_type=\"container\">\n\t\t\t\t<div class=\"elementor-element elementor-element-e5e764a elementor-widget elementor-widget-image\" data-id=\"e5e764a\" data-element_type=\"widget\" data-widget_type=\"image.default\">\n\t\t\t\t<div class=\"elementor-widget-container\">\n\t\t\t\t\t\t\t\t\t\t\t\t\t\t\t<img fetchpriority=\"high\" decoding=\"async\" width=\"800\" height=\"731\" src=\"https:\/\/www.jezersek.com\/wp-content\/uploads\/2025\/04\/Copy-of-DSC_6533-3-5-3-1024x936.webp\" class=\"attachment-large size-large wp-image-424\" alt=\"\" srcset=\"https:\/\/www.jezersek.com\/wp-content\/uploads\/2025\/04\/Copy-of-DSC_6533-3-5-3-1024x936.webp 1024w, https:\/\/www.jezersek.com\/wp-content\/uploads\/2025\/04\/Copy-of-DSC_6533-3-5-3-300x274.webp 300w, https:\/\/www.jezersek.com\/wp-content\/uploads\/2025\/04\/Copy-of-DSC_6533-3-5-3-768x702.webp 768w, https:\/\/www.jezersek.com\/wp-content\/uploads\/2025\/04\/Copy-of-DSC_6533-3-5-3-1536x1404.webp 1536w, https:\/\/www.jezersek.com\/wp-content\/uploads\/2025\/04\/Copy-of-DSC_6533-3-5-3.webp 1720w\" sizes=\"(max-width: 800px) 100vw, 800px\" \/>\t\t\t\t\t\t\t\t\t\t\t\t\t\t\t<\/div>\n\t\t\t\t<\/div>\n\t\t\t\t<\/div>\n\t\t<div class=\"elementor-element elementor-element-11eaaed e-con-full e-flex e-con e-child\" data-id=\"11eaaed\" data-element_type=\"container\">\n\t\t\t\t<div class=\"elementor-element elementor-element-d0f7022 elementor-widget elementor-widget-image\" data-id=\"d0f7022\" data-element_type=\"widget\" data-widget_type=\"image.default\">\n\t\t\t\t<div class=\"elementor-widget-container\">\n\t\t\t\t\t\t\t\t\t\t\t\t\t\t\t<img decoding=\"async\" width=\"800\" height=\"731\" src=\"https:\/\/www.jezersek.com\/wp-content\/uploads\/2025\/04\/Copy-of-DSC_6533-3-6-3-1024x936.webp\" class=\"attachment-large size-large wp-image-422\" alt=\"\" srcset=\"https:\/\/www.jezersek.com\/wp-content\/uploads\/2025\/04\/Copy-of-DSC_6533-3-6-3-1024x936.webp 1024w, https:\/\/www.jezersek.com\/wp-content\/uploads\/2025\/04\/Copy-of-DSC_6533-3-6-3-300x274.webp 300w, https:\/\/www.jezersek.com\/wp-content\/uploads\/2025\/04\/Copy-of-DSC_6533-3-6-3-768x702.webp 768w, https:\/\/www.jezersek.com\/wp-content\/uploads\/2025\/04\/Copy-of-DSC_6533-3-6-3-1536x1404.webp 1536w, https:\/\/www.jezersek.com\/wp-content\/uploads\/2025\/04\/Copy-of-DSC_6533-3-6-3.webp 1720w\" sizes=\"(max-width: 800px) 100vw, 800px\" \/>\t\t\t\t\t\t\t\t\t\t\t\t\t\t\t<\/div>\n\t\t\t\t<\/div>\n\t\t\t\t<\/div>\n\t\t<div class=\"elementor-element elementor-element-f5258f2 e-con-full e-flex e-con e-child\" data-id=\"f5258f2\" data-element_type=\"container\">\n\t\t\t\t<div class=\"elementor-element elementor-element-77aa299 elementor-widget elementor-widget-image\" data-id=\"77aa299\" data-element_type=\"widget\" data-widget_type=\"image.default\">\n\t\t\t\t<div class=\"elementor-widget-container\">\n\t\t\t\t\t\t\t\t\t\t\t\t\t\t\t<img loading=\"lazy\" decoding=\"async\" width=\"800\" height=\"731\" src=\"https:\/\/www.jezersek.com\/wp-content\/uploads\/2025\/04\/Copy-of-DSC_6533-3-4-6-1-1024x936.webp\" class=\"attachment-large size-large wp-image-423\" alt=\"\" srcset=\"https:\/\/www.jezersek.com\/wp-content\/uploads\/2025\/04\/Copy-of-DSC_6533-3-4-6-1-1024x936.webp 1024w, https:\/\/www.jezersek.com\/wp-content\/uploads\/2025\/04\/Copy-of-DSC_6533-3-4-6-1-300x274.webp 300w, https:\/\/www.jezersek.com\/wp-content\/uploads\/2025\/04\/Copy-of-DSC_6533-3-4-6-1-768x702.webp 768w, https:\/\/www.jezersek.com\/wp-content\/uploads\/2025\/04\/Copy-of-DSC_6533-3-4-6-1-1536x1404.webp 1536w, https:\/\/www.jezersek.com\/wp-content\/uploads\/2025\/04\/Copy-of-DSC_6533-3-4-6-1.webp 1720w\" sizes=\"(max-width: 800px) 100vw, 800px\" \/>\t\t\t\t\t\t\t\t\t\t\t\t\t\t\t<\/div>\n\t\t\t\t<\/div>\n\t\t\t\t<\/div>\n\t\t\t\t<\/div>\n\t\t<div class=\"elementor-element elementor-element-62877fa e-con-full elementor-hidden-desktop elementor-hidden-tablet e-flex e-con e-parent\" data-id=\"62877fa\" data-element_type=\"container\">\n\t\t<div class=\"elementor-element elementor-element-e4c84a6 e-con-full e-flex e-con e-child\" data-id=\"e4c84a6\" data-element_type=\"container\">\n\t\t\t\t<div class=\"elementor-element elementor-element-841d520 elementor-align-center elementor-widget__width-auto elementor-mobile-align-justify elementor-widget elementor-widget-button\" data-id=\"841d520\" data-element_type=\"widget\" data-widget_type=\"button.default\">\n\t\t\t\t<div class=\"elementor-widget-container\">\n\t\t\t\t\t\t\t\t\t<div class=\"elementor-button-wrapper\">\n\t\t\t\t\t<a class=\"elementor-button elementor-button-link elementor-size-sm elementor-animation-grow\" href=\"https:\/\/www.jezersek.si\/si\/lokacije\/restavracija-blejski-grad\/restavracija-blejski-grad\" target=\"_blank\">\n\t\t\t\t\t\t<span class=\"elementor-button-content-wrapper\">\n\t\t\t\t\t\t\t\t\t<span class=\"elementor-button-text\"> Visit Bled Castle<\/span>\n\t\t\t\t\t<\/span>\n\t\t\t\t\t<\/a>\n\t\t\t\t<\/div>\n\t\t\t\t\t\t\t\t<\/div>\n\t\t\t\t<\/div>\n\t\t\t\t<\/div>\n\t\t\t\t<\/div>\n\t\t<div class=\"elementor-element elementor-element-6ae2c10 e-con-full e-flex e-con e-parent\" data-id=\"6ae2c10\" data-element_type=\"container\">\n\t\t<div class=\"elementor-element elementor-element-a1f93d9 e-con-full e-flex e-con e-child\" data-id=\"a1f93d9\" data-element_type=\"container\">\n\t\t\t\t<div class=\"elementor-element elementor-element-ffd11ad elementor-align-left elementor-widget__width-auto elementor-mobile-align-center elementor-widget elementor-widget-button\" data-id=\"ffd11ad\" data-element_type=\"widget\" data-widget_type=\"button.default\">\n\t\t\t\t<div class=\"elementor-widget-container\">\n\t\t\t\t\t\t\t\t\t<div class=\"elementor-button-wrapper\">\n\t\t\t\t\t<a class=\"elementor-button elementor-button-link elementor-size-sm elementor-animation-skew-backward\" href=\"https:\/\/www.jezersek.com\/en\/dvor-jezersek\/\">\n\t\t\t\t\t\t<span class=\"elementor-button-content-wrapper\">\n\t\t\t\t\t\t<span class=\"elementor-button-icon\">\n\t\t\t\t<svg xmlns=\"http:\/\/www.w3.org\/2000\/svg\" width=\"20\" height=\"20\" viewbox=\"0 0 20 20\" fill=\"none\"><path d=\"M15.8337 9.99996H4.16699M4.16699 9.99996L10.0003 15.8333M4.16699 9.99996L10.0003 4.16663\" stroke=\"#475467\" stroke-width=\"1.66667\" stroke-linecap=\"round\" stroke-linejoin=\"round\"><\/path><\/svg>\t\t\t<\/span>\n\t\t\t\t\t\t\t\t\t<span class=\"elementor-button-text\">Dvor jezer\u0161ek<\/span>\n\t\t\t\t\t<\/span>\n\t\t\t\t\t<\/a>\n\t\t\t\t<\/div>\n\t\t\t\t\t\t\t\t<\/div>\n\t\t\t\t<\/div>\n\t\t\t\t<\/div>\n\t\t<div class=\"elementor-element elementor-element-0b73794 e-con-full elementor-hidden-mobile e-flex e-con e-child\" data-id=\"0b73794\" data-element_type=\"container\">\n\t\t\t\t<div class=\"elementor-element elementor-element-e51f6b2 elementor-align-center elementor-widget__width-auto elementor-widget elementor-widget-button\" data-id=\"e51f6b2\" data-element_type=\"widget\" data-widget_type=\"button.default\">\n\t\t\t\t<div class=\"elementor-widget-container\">\n\t\t\t\t\t\t\t\t\t<div class=\"elementor-button-wrapper\">\n\t\t\t\t\t<a class=\"elementor-button elementor-button-link elementor-size-sm elementor-animation-grow\" href=\"https:\/\/www.jezersek.si\/si\/lokacije\/restavracija-blejski-grad\/restavracija-blejski-grad\">\n\t\t\t\t\t\t<span class=\"elementor-button-content-wrapper\">\n\t\t\t\t\t\t\t\t\t<span class=\"elementor-button-text\"> Visit Bled Castle<\/span>\n\t\t\t\t\t<\/span>\n\t\t\t\t\t<\/a>\n\t\t\t\t<\/div>\n\t\t\t\t\t\t\t\t<\/div>\n\t\t\t\t<\/div>\n\t\t\t\t<\/div>\n\t\t<div class=\"elementor-element elementor-element-9e8ec89 e-con-full e-flex e-con e-child\" data-id=\"9e8ec89\" data-element_type=\"container\">\n\t\t\t\t<div class=\"elementor-element elementor-element-5ca1ac3 elementor-align-right elementor-widget__width-auto elementor-mobile-align-center elementor-widget elementor-widget-button\" data-id=\"5ca1ac3\" data-element_type=\"widget\" data-widget_type=\"button.default\">\n\t\t\t\t<div class=\"elementor-widget-container\">\n\t\t\t\t\t\t\t\t\t<div class=\"elementor-button-wrapper\">\n\t\t\t\t\t<a class=\"elementor-button elementor-button-link elementor-size-sm elementor-animation-skew-forward\" href=\"https:\/\/www.jezersek.com\/en\/Burg-von-Ljubljana\/\">\n\t\t\t\t\t\t<span class=\"elementor-button-content-wrapper\">\n\t\t\t\t\t\t<span class=\"elementor-button-icon\">\n\t\t\t\t<svg xmlns=\"http:\/\/www.w3.org\/2000\/svg\" width=\"20\" height=\"20\" viewbox=\"0 0 20 20\" fill=\"none\"><path d=\"M4.16699 9.99996H15.8337M15.8337 9.99996L10.0003 4.16663M15.8337 9.99996L10.0003 15.8333\" stroke=\"#475467\" stroke-width=\"1.66667\" stroke-linecap=\"round\" stroke-linejoin=\"round\"><\/path><\/svg>\t\t\t<\/span>\n\t\t\t\t\t\t\t\t\t<span class=\"elementor-button-text\">Ljubljana Castle<\/span>\n\t\t\t\t\t<\/span>\n\t\t\t\t\t<\/a>\n\t\t\t\t<\/div>\n\t\t\t\t\t\t\t\t<\/div>\n\t\t\t\t<\/div>\n\t\t\t\t<\/div>\n\t\t\t\t<\/div>\n\t\t\t\t<\/div>","protected":false},"excerpt":{"rendered":"<p>\u00dcber uns Kontakt Burg von Bled Das Restaurant Blejski grad, das Caf\u00e9 Grajska kavarna und der Boutique-Shop Grajski \u010debelnjak mit Honigprodukten befinden sich in einem der sch\u00f6nsten Reiseziele Sloweniens, Bled. Die G\u00e4ste k\u00f6nnen eine moderne Interpretation traditioneller Gerichte und einen sch\u00f6nen Ausblick auf die kleine Insel in der Mitte des Sees genie\u00dfen. Restaurant Caf\u00e9 Boutique-Laden [&hellip;]<\/p>","protected":false},"author":1,"featured_media":0,"parent":350,"menu_order":0,"comment_status":"closed","ping_status":"closed","template":"elementor_header_footer","meta":{"footnotes":""},"class_list":["post-416","page","type-page","status-publish","hentry"],"_links":{"self":[{"href":"https:\/\/www.jezersek.com\/en\/wp-json\/wp\/v2\/pages\/416","targetHints":{"allow":["GET"]}}],"collection":[{"href":"https:\/\/www.jezersek.com\/en\/wp-json\/wp\/v2\/pages"}],"about":[{"href":"https:\/\/www.jezersek.com\/en\/wp-json\/wp\/v2\/types\/page"}],"author":[{"embeddable":true,"href":"https:\/\/www.jezersek.com\/en\/wp-json\/wp\/v2\/users\/1"}],"replies":[{"embeddable":true,"href":"https:\/\/www.jezersek.com\/en\/wp-json\/wp\/v2\/comments?post=416"}],"version-history":[{"count":19,"href":"https:\/\/www.jezersek.com\/en\/wp-json\/wp\/v2\/pages\/416\/revisions"}],"predecessor-version":[{"id":601,"href":"https:\/\/www.jezersek.com\/en\/wp-json\/wp\/v2\/pages\/416\/revisions\/601"}],"up":[{"embeddable":true,"href":"https:\/\/www.jezersek.com\/en\/wp-json\/wp\/v2\/pages\/350"}],"wp:attachment":[{"href":"https:\/\/www.jezersek.com\/en\/wp-json\/wp\/v2\/media?parent=416"}],"curies":[{"name":"wp","href":"https:\/\/api.w.org\/{rel}","templated":true}]}}